{"id":2,"date":"2022-10-20T15:18:40","date_gmt":"2022-10-20T13:18:40","guid":{"rendered":"http:\/\/kitagrandir.recey.fr\/ds850610-ovh\/?page_id=2"},"modified":"2022-10-28T16:32:15","modified_gmt":"2022-10-28T14:32:15","slug":"preambule","status":"publish","type":"page","link":"https:\/\/kitagrandir.recey.fr\/index.php\/preambule\/","title":{"rendered":"Kit&rsquo; \u00e0 grandir | Pourquoi ?"},"content":{"rendered":"\t\t<div data-elementor-type=\"wp-page\" data-elementor-id=\"2\" class=\"elementor elementor-2\">\n\t\t\t\t\t\t\t\t\t<section class=\"elementor-section elementor-top-section elementor-element elementor-element-55e9f634 elementor-section-boxed elementor-section-height-default elementor-section-height-default\" data-id=\"55e9f634\" data-element_type=\"section\">\n\t\t\t\t\t\t<div class=\"elementor-container elementor-column-gap-default\">\n\t\t\t\t\t<div class=\"elementor-column elementor-col-100 elementor-top-column elementor-element elementor-element-711c6357\" data-id=\"711c6357\" data-element_type=\"column\">\n\t\t\t<div class=\"elementor-widget-wrap elementor-element-populated\">\n\t\t\t\t\t\t\t\t<div class=\"elementor-element elementor-element-72219d5 elementor-widget-divider--view-line elementor-widget elementor-widget-divider\" data-id=\"72219d5\" data-element_type=\"widget\" data-widget_type=\"divider.default\">\n\t\t\t\t<div class=\"elementor-widget-container\">\n\t\t\t<style>\/*! elementor - v3.7.8 - 02-10-2022 *\/\n.elementor-widget-divider{--divider-border-style:none;--divider-border-width:1px;--divider-color:#2c2c2c;--divider-icon-size:20px;--divider-element-spacing:10px;--divider-pattern-height:24px;--divider-pattern-size:20px;--divider-pattern-url:none;--divider-pattern-repeat:repeat-x}.elementor-widget-divider .elementor-divider{display:-webkit-box;display:-ms-flexbox;display:flex}.elementor-widget-divider .elementor-divider__text{font-size:15px;line-height:1;max-width:95%}.elementor-widget-divider .elementor-divider__element{margin:0 var(--divider-element-spacing);-ms-flex-negative:0;flex-shrink:0}.elementor-widget-divider .elementor-icon{font-size:var(--divider-icon-size)}.elementor-widget-divider .elementor-divider-separator{display:-webkit-box;display:-ms-flexbox;display:flex;margin:0;direction:ltr}.elementor-widget-divider--view-line_icon .elementor-divider-separator,.elementor-widget-divider--view-line_text .elementor-divider-separator{-webkit-box-align:center;-ms-flex-align:center;align-items:center}.elementor-widget-divider--view-line_icon .elementor-divider-separator:after,.elementor-widget-divider--view-line_icon .elementor-divider-separator:before,.elementor-widget-divider--view-line_text .elementor-divider-separator:after,.elementor-widget-divider--view-line_text .elementor-divider-separator:before{display:block;content:\"\";border-bottom:0;-webkit-box-flex:1;-ms-flex-positive:1;flex-grow:1;border-top:var(--divider-border-width) var(--divider-border-style) var(--divider-color)}.elementor-widget-divider--element-align-left .elementor-divider .elementor-divider-separator>.elementor-divider__svg:first-of-type{-webkit-box-flex:0;-ms-flex-positive:0;flex-grow:0;-ms-flex-negative:100;flex-shrink:100}.elementor-widget-divider--element-align-left .elementor-divider-separator:before{content:none}.elementor-widget-divider--element-align-left .elementor-divider__element{margin-left:0}.elementor-widget-divider--element-align-right .elementor-divider .elementor-divider-separator>.elementor-divider__svg:last-of-type{-webkit-box-flex:0;-ms-flex-positive:0;flex-grow:0;-ms-flex-negative:100;flex-shrink:100}.elementor-widget-divider--element-align-right .elementor-divider-separator:after{content:none}.elementor-widget-divider--element-align-right .elementor-divider__element{margin-right:0}.elementor-widget-divider:not(.elementor-widget-divider--view-line_text):not(.elementor-widget-divider--view-line_icon) .elementor-divider-separator{border-top:var(--divider-border-width) var(--divider-border-style) var(--divider-color)}.elementor-widget-divider--separator-type-pattern{--divider-border-style:none}.elementor-widget-divider--separator-type-pattern.elementor-widget-divider--view-line .elementor-divider-separator,.elementor-widget-divider--separator-type-pattern:not(.elementor-widget-divider--view-line) .elementor-divider-separator:after,.elementor-widget-divider--separator-type-pattern:not(.elementor-widget-divider--view-line) .elementor-divider-separator:before,.elementor-widget-divider--separator-type-pattern:not([class*=elementor-widget-divider--view]) .elementor-divider-separator{width:100%;min-height:var(--divider-pattern-height);-webkit-mask-size:var(--divider-pattern-size) 100%;mask-size:var(--divider-pattern-size) 100%;-webkit-mask-repeat:var(--divider-pattern-repeat);mask-repeat:var(--divider-pattern-repeat);background-color:var(--divider-color);-webkit-mask-image:var(--divider-pattern-url);mask-image:var(--divider-pattern-url)}.elementor-widget-divider--no-spacing{--divider-pattern-size:auto}.elementor-widget-divider--bg-round{--divider-pattern-repeat:round}.rtl .elementor-widget-divider .elementor-divider__text{direction:rtl}.e-container>.elementor-widget-divider{width:var(--container-widget-width,100%);--flex-grow:var(--container-widget-flex-grow,0)}<\/style>\t\t<div class=\"elementor-divider\">\n\t\t\t<span class=\"elementor-divider-separator\">\n\t\t\t\t\t\t<\/span>\n\t\t<\/div>\n\t\t\t\t<\/div>\n\t\t\t\t<\/div>\n\t\t\t\t<div class=\"elementor-element elementor-element-f34aad1 elementor-widget elementor-widget-image\" data-id=\"f34aad1\" data-element_type=\"widget\" data-widget_type=\"image.default\">\n\t\t\t\t<div class=\"elementor-widget-container\">\n\t\t\t<style>\/*! elementor - v3.7.8 - 02-10-2022 *\/\n.elementor-widget-image{text-align:center}.elementor-widget-image a{display:inline-block}.elementor-widget-image a img[src$=\".svg\"]{width:48px}.elementor-widget-image img{vertical-align:middle;display:inline-block}<\/style>\t\t\t\t\t\t\t\t\t\t\t\t<img loading=\"lazy\" decoding=\"async\" width=\"1024\" height=\"153\" src=\"https:\/\/kitagrandir.recey.fr\/wp-content\/uploads\/2022\/10\/test-titre-1024x153.png\" class=\"attachment-large size-large\" alt=\"\" srcset=\"https:\/\/kitagrandir.recey.fr\/wp-content\/uploads\/2022\/10\/test-titre-1024x153.png 1024w, https:\/\/kitagrandir.recey.fr\/wp-content\/uploads\/2022\/10\/test-titre-300x45.png 300w, https:\/\/kitagrandir.recey.fr\/wp-content\/uploads\/2022\/10\/test-titre-768x115.png 768w, https:\/\/kitagrandir.recey.fr\/wp-content\/uploads\/2022\/10\/test-titre-1536x229.png 1536w, https:\/\/kitagrandir.recey.fr\/wp-content\/uploads\/2022\/10\/test-titre-2048x306.png 2048w\" sizes=\"auto, (max-width: 1024px) 100vw, 1024px\" \/>\t\t\t\t\t\t\t\t\t\t\t\t\t\t\t<\/div>\n\t\t\t\t<\/div>\n\t\t\t\t<div class=\"elementor-element elementor-element-f83a402 elementor-widget-divider--view-line elementor-widget elementor-widget-divider\" data-id=\"f83a402\" data-element_type=\"widget\" data-widget_type=\"divider.default\">\n\t\t\t\t<div class=\"elementor-widget-container\">\n\t\t\t\t\t<div class=\"elementor-divider\">\n\t\t\t<span class=\"elementor-divider-separator\">\n\t\t\t\t\t\t<\/span>\n\t\t<\/div>\n\t\t\t\t<\/div>\n\t\t\t\t<\/div>\n\t\t\t\t<div class=\"elementor-element elementor-element-6ddb484e elementor-widget elementor-widget-text-editor\" data-id=\"6ddb484e\" data-element_type=\"widget\" data-widget_type=\"text-editor.default\">\n\t\t\t\t<div class=\"elementor-widget-container\">\n\t\t\t<style>\/*! elementor - v3.7.8 - 02-10-2022 *\/\n.elementor-widget-text-editor.elementor-drop-cap-view-stacked .elementor-drop-cap{background-color:#818a91;color:#fff}.elementor-widget-text-editor.elementor-drop-cap-view-framed .elementor-drop-cap{color:#818a91;border:3px solid;background-color:transparent}.elementor-widget-text-editor:not(.elementor-drop-cap-view-default) .elementor-drop-cap{margin-top:8px}.elementor-widget-text-editor:not(.elementor-drop-cap-view-default) .elementor-drop-cap-letter{width:1em;height:1em}.elementor-widget-text-editor .elementor-drop-cap{float:left;text-align:center;line-height:1;font-size:50px}.elementor-widget-text-editor .elementor-drop-cap-letter{display:inline-block}<\/style>\t\t\t\t<p><!-- wp:paragraph --><\/p>\n<p>Le\u00a0<strong>\u00abKIT\u2019\u00e0 GRANDIR\u00bb<\/strong>\u00a0propos\u00e9 aujourd\u2019hui a vocation \u00e0 animer et coordonner les actions \u00e9ducatives \u00e0 destination des jeunes du territoire \u00e0 travers sept grands axes pour donner sa pleine ampleur au continuum \u00e9ducatif et \u00e0 la compl\u00e9mentarit\u00e9 avec les autres partenariats et outils existants propre \u00e0 chaque \u00e9tablissement (Parcours citoyen, ATE, ateliers jeunes, projet d\u2019\u00e9cole, etc&#8230;).<\/p>\n<p>\u00c9labor\u00e9 au service d\u2018<strong>un seul objectif<\/strong> : rendre possible la r\u00e9ussite avec un parcours \u00e9ducatif coh\u00e9rent permettant l\u2019\u00e9panouissement de chaque enfant et adolescent du territoire qui passe par sa r\u00e9ussite scolaire mais aussi par son int\u00e9gration sociale et citoyenne.\u00a0 Modestement, par le \u00abcoup de pouce\u00bb qu\u2019il apporte aux initiatives des enseignants, il contribue \u00e0 la r\u00e9duction des in\u00e9galit\u00e9s \u00e9ducatives.<\/p>\n<p>Il est aussi un cadre de concertation et de collaboration entre les diff\u00e9rents acteurs pour un accompagnement et une prise en compte globale du champ social et m\u00e9dico-\u00e9ducatif.<\/p>\n<p>En 2018,<strong> l\u2019exp\u00e9rimentation du dispositif \u00ab\u00c9cole du Socle\u00bb<\/strong> a permis une mise en r\u00e9seau des quatre \u00e9tablissements scolaires du territoire en d\u00e9veloppant un champ d\u2019actions partenariales et interdisciplinaires b\u00e9n\u00e9fiques aux \u00e9l\u00e8ves.<\/p>\n<p><strong>Fort de cette exp\u00e9rience EDS,<\/strong> conscient de ses atouts comme de ses faiblesses, aujourd\u2019hui la formalisation du <strong>\u00abKIT\u2019\u00e0 GRANDIR\u00bb<\/strong> de Recey-sur-Ource marque une nouvelle \u00e9tape.<\/p>\n<p>Coordonn\u00e9 par le SIVOM de Recey-sur-Ource, collectivit\u00e9 d\u2019appui, il mobilise associations, institutions et partenaires scolaires autour de sept priorit\u00e9s.<\/p>\n<p>Il est con\u00e7u pour quatre ans (2022-2026) et est un outil de mobilisation et d\u2019optimisation des moyens mis \u00e0 disposition des enseignants volontaires des \u00e9tablissements de notre territoire.<\/p>\n<p>Nous avons souhait\u00e9, chacune et chacun dans nos comp\u00e9tences respectives, faire de ce kit un v\u00e9ritable outil pour faciliter le travail des acteurs eng\u00e9s sur le terrain, qui accompagnent chaque jour les jeunes de nos communes et contribuent ainsi \u00e0 leur d\u00e9veloppement et leur \u00e9panouissement. Qu\u2019ils soient ici remerci\u00e9s.<\/p>\n<p><!-- \/wp:paragraph --><\/p>\t\t\t\t\t\t<\/div>\n\t\t\t\t<\/div>\n\t\t\t\t<section class=\"elementor-section elementor-inner-section elementor-element elementor-element-a8b5683 elementor-section-boxed elementor-section-height-default elementor-section-height-default\" data-id=\"a8b5683\" data-element_type=\"section\">\n\t\t\t\t\t\t<div class=\"elementor-container elementor-column-gap-default\">\n\t\t\t\t\t<div class=\"elementor-column elementor-col-50 elementor-inner-column elementor-element elementor-element-b883211\" data-id=\"b883211\" data-element_type=\"column\">\n\t\t\t<div class=\"elementor-widget-wrap elementor-element-populated\">\n\t\t\t\t\t\t\t\t<div class=\"elementor-element elementor-element-5ff2ef6 elementor-widget elementor-widget-text-editor\" data-id=\"5ff2ef6\" data-element_type=\"widget\" data-widget_type=\"text-editor.default\">\n\t\t\t\t<div class=\"elementor-widget-container\">\n\t\t\t\t\t\t\t<p><strong>Fran\u00e7ois SAUVADET<\/strong><\/p>\n<p>Pr\u00e9sident du Conseil D\u00e9partemental de la<\/p>\n<p>C\u00f4te-d\u2019Or<\/p>\n<p>Ancien ministre<\/p>\t\t\t\t\t\t<\/div>\n\t\t\t\t<\/div>\n\t\t\t\t\t<\/div>\n\t\t<\/div>\n\t\t\t\t<div class=\"elementor-column elementor-col-50 elementor-inner-column elementor-element elementor-element-74073c5\" data-id=\"74073c5\" data-element_type=\"column\">\n\t\t\t<div class=\"elementor-widget-wrap elementor-element-populated\">\n\t\t\t\t\t\t\t\t<div class=\"elementor-element elementor-element-d49984d elementor-widget elementor-widget-text-editor\" data-id=\"d49984d\" data-element_type=\"widget\" data-widget_type=\"text-editor.default\">\n\t\t\t\t<div class=\"elementor-widget-container\">\n\t\t\t\t\t\t\t<p><strong>Laurent SCHEMBRI<\/strong><\/p>\n<p>Pr\u00e9sident du SIVOM de Recey-sur-Ource<\/p>\n<p>Pr\u00e9sident du SIVOS du coll\u00e8ge Henri-Morat<\/p>\n<p>Maire de Recey-sur-Ource<\/p>\t\t\t\t\t\t<\/div>\n\t\t\t\t<\/div>\n\t\t\t\t\t<\/div>\n\t\t<\/div>\n\t\t\t\t\t\t\t<\/div>\n\t\t<\/section>\n\t\t\t\t<section class=\"elementor-section elementor-inner-section elementor-element elementor-element-068e18e elementor-section-boxed elementor-section-height-default elementor-section-height-default\" data-id=\"068e18e\" data-element_type=\"section\">\n\t\t\t\t\t\t<div class=\"elementor-container elementor-column-gap-default\">\n\t\t\t\t\t<div class=\"elementor-column elementor-col-50 elementor-inner-column elementor-element elementor-element-46b44a1\" data-id=\"46b44a1\" data-element_type=\"column\">\n\t\t\t<div class=\"elementor-widget-wrap elementor-element-populated\">\n\t\t\t\t\t\t\t\t<div class=\"elementor-element elementor-element-81c8658 elementor-widget elementor-widget-text-editor\" data-id=\"81c8658\" data-element_type=\"widget\" data-widget_type=\"text-editor.default\">\n\t\t\t\t<div class=\"elementor-widget-container\">\n\t\t\t\t\t\t\t<p><strong>Fr\u00e9d\u00e9ric BOURDENET<\/strong><\/p>\n<p>Pr\u00e9sident du SIVOS d\u2019Aignay-le-Duc<\/p>\n<p>Maire d\u2019Aignay-le-Duc<\/p>\t\t\t\t\t\t<\/div>\n\t\t\t\t<\/div>\n\t\t\t\t\t<\/div>\n\t\t<\/div>\n\t\t\t\t<div class=\"elementor-column elementor-col-50 elementor-inner-column elementor-element elementor-element-05c521e\" data-id=\"05c521e\" data-element_type=\"column\">\n\t\t\t<div class=\"elementor-widget-wrap elementor-element-populated\">\n\t\t\t\t\t\t\t\t<div class=\"elementor-element elementor-element-5bb7905 elementor-widget elementor-widget-text-editor\" data-id=\"5bb7905\" data-element_type=\"widget\" data-widget_type=\"text-editor.default\">\n\t\t\t\t<div class=\"elementor-widget-container\">\n\t\t\t\t\t\t\t<p><strong>Marcel VERNEVAUT<\/strong><\/p>\n<p>Pr\u00e9sident du SIVOM Leuglay-Voulaines<\/p>\n<p>Maire de Voulaines-les-Templiers<\/p>\t\t\t\t\t\t<\/div>\n\t\t\t\t<\/div>\n\t\t\t\t\t<\/div>\n\t\t<\/div>\n\t\t\t\t\t\t\t<\/div>\n\t\t<\/section>\n\t\t\t\t\t<\/div>\n\t\t<\/div>\n\t\t\t\t\t\t\t<\/div>\n\t\t<\/section>\n\t\t\t\t\t\t\t<\/div>\n\t\t","protected":false},"excerpt":{"rendered":"<p>Le\u00a0\u00abKIT\u2019\u00e0 GRANDIR\u00bb\u00a0propos\u00e9 aujourd\u2019hui a vocation \u00e0 animer et coordonner les actions \u00e9ducatives \u00e0 destination des jeunes du territoire \u00e0 travers sept grands axes pour donner sa pleine ampleur au continuum \u00e9ducatif et \u00e0 la compl\u00e9mentarit\u00e9 avec les autres partenariats et outils existants propre \u00e0 chaque \u00e9tablissement (Parcours citoyen, ATE, ateliers jeunes, projet d\u2019\u00e9cole, etc&#8230;). \u00c9labor\u00e9 [&hellip;]<\/p>\n","protected":false},"author":1,"featured_media":0,"parent":0,"menu_order":0,"comment_status":"closed","ping_status":"closed","template":"","meta":{"footnotes":""},"class_list":["post-2","page","type-page","status-publish","hentry","entry"],"_links":{"self":[{"href":"https:\/\/kitagrandir.recey.fr\/index.php\/wp-json\/wp\/v2\/pages\/2","targetHints":{"allow":["GET"]}}],"collection":[{"href":"https:\/\/kitagrandir.recey.fr\/index.php\/wp-json\/wp\/v2\/pages"}],"about":[{"href":"https:\/\/kitagrandir.recey.fr\/index.php\/wp-json\/wp\/v2\/types\/page"}],"author":[{"embeddable":true,"href":"https:\/\/kitagrandir.recey.fr\/index.php\/wp-json\/wp\/v2\/users\/1"}],"replies":[{"embeddable":true,"href":"https:\/\/kitagrandir.recey.fr\/index.php\/wp-json\/wp\/v2\/comments?post=2"}],"version-history":[{"count":99,"href":"https:\/\/kitagrandir.recey.fr\/index.php\/wp-json\/wp\/v2\/pages\/2\/revisions"}],"predecessor-version":[{"id":1127,"href":"https:\/\/kitagrandir.recey.fr\/index.php\/wp-json\/wp\/v2\/pages\/2\/revisions\/1127"}],"wp:attachment":[{"href":"https:\/\/kitagrandir.recey.fr\/index.php\/wp-json\/wp\/v2\/media?parent=2"}],"curies":[{"name":"wp","href":"https:\/\/api.w.org\/{rel}","templated":true}]}}